{"id":700,"date":"2020-11-25T15:09:40","date_gmt":"2020-11-25T14:09:40","guid":{"rendered":"https:\/\/thairent.se\/safir-village\/apartments-in-safir-village\/"},"modified":"2023-12-17T05:22:26","modified_gmt":"2023-12-17T04:22:26","slug":"apartments","status":"publish","type":"page","link":"https:\/\/thairent.se\/en\/safir-village\/apartments\/","title":{"rendered":"Apartments in Safir Village"},"content":{"rendered":"<div class=\"container-fluid \">\n<div class=\"ddl-full-width-row row ddl-frontend-editor-row ddl-frontend-editor-editable\" data-id='' data-name='Post content row' data-type='row' data-layout_slug='' data-kind='Row' >\n<div class=\"col-lg-12 ddl-frontend-editor-cell ddl-frontend-editor-editable js-ddl-frontend-editor-cell\" id=\"span1\" data-id='' data-name='Post Content Cell' data-type='cell-text' data-layout_slug='' data-kind='Cell'>\n<p>Safir Village \u00e4r ett bostadsomr\u00e5de med hus och l\u00e4genheter av h\u00f6g standard i syd\u00f6stra Thailand.<\/p>\n<p><a href=\"https:\/\/thairent.se\/safir-village\/hus\">Visa hus i Safir Village &gt;&gt;<\/a><\/p>\n<div class=\"su-button-center\"><a href=\"\/boka\" class=\"su-button su-button-style-soft\" style=\"color:#FFFFFF;background-color:#298fba;border-color:#217395;border-radius:4px\" target=\"_self\"><span style=\"color:#FFFFFF;padding:8px 26px;font-size:20px;line-height:30px;border-color:#6ab1cf;border-radius:4px;text-shadow:none\"><i class=\"sui sui-home\" style=\"font-size:20px;color:#FFFFFF\"><\/i> BOKA BOENDE<\/span><\/a><\/div>\n<form autocomplete=\"off\" name=\"wpv-filter-291\" action=\"\/en\/wp-json\/wp\/v2\/pages\/700?wpv_view_count=291\" method=\"get\" class=\"wpv-filter-form js-wpv-filter-form js-wpv-filter-form-291 js-wpv-form-full js-wpv-ajax-results-enabled\" data-viewnumber=\"291\" data-viewid=\"291\" data-viewhash=\"eyJuYW1lIjoibGlzdGEtb2JqZWt0LWxhZ2VuaGV0ZXItc2FmaXItdmlsbGFnZSJ9\" data-viewwidgetid=\"0\" data-orderby=\"\" data-order=\"\" data-orderbyas=\"\" data-orderbysecond=\"\" data-ordersecond=\"\" data-parametric=\"{&quot;query&quot;:&quot;normal&quot;,&quot;id&quot;:291,&quot;view_id&quot;:291,&quot;widget_id&quot;:0,&quot;view_hash&quot;:&quot;291&quot;,&quot;action&quot;:&quot;\\\/en\\\/wp-json\\\/wp\\\/v2\\\/pages\\\/700?wpv_view_count=291&quot;,&quot;sort&quot;:{&quot;orderby&quot;:&quot;&quot;,&quot;order&quot;:&quot;&quot;,&quot;orderby_as&quot;:&quot;&quot;,&quot;orderby_second&quot;:&quot;&quot;,&quot;order_second&quot;:&quot;&quot;},&quot;orderby&quot;:&quot;&quot;,&quot;order&quot;:&quot;&quot;,&quot;orderby_as&quot;:&quot;&quot;,&quot;orderby_second&quot;:&quot;&quot;,&quot;order_second&quot;:&quot;&quot;,&quot;ajax_form&quot;:&quot;&quot;,&quot;ajax_results&quot;:&quot;&quot;,&quot;effect&quot;:&quot;fade&quot;,&quot;prebefore&quot;:&quot;&quot;,&quot;before&quot;:&quot;&quot;,&quot;after&quot;:&quot;&quot;,&quot;attributes&quot;:[],&quot;environment&quot;:{&quot;current_post_id&quot;:700,&quot;parent_post_id&quot;:700,&quot;parent_term_id&quot;:0,&quot;parent_user_id&quot;:0,&quot;archive&quot;:{&quot;type&quot;:&quot;&quot;,&quot;name&quot;:&quot;&quot;,&quot;data&quot;:[]}},&quot;loop&quot;:{&quot;type&quot;:&quot;&quot;,&quot;name&quot;:&quot;&quot;,&quot;data&quot;:[],&quot;id&quot;:0}}\" data-attributes=\"[]\" data-environment=\"{&quot;current_post_id&quot;:700,&quot;parent_post_id&quot;:700,&quot;parent_term_id&quot;:0,&quot;parent_user_id&quot;:0,&quot;archive&quot;:{&quot;type&quot;:&quot;&quot;,&quot;name&quot;:&quot;&quot;,&quot;data&quot;:[]}}\"><input type=\"hidden\" class=\"js-wpv-dps-filter-data js-wpv-filter-data-for-this-form\" data-action=\"\/en\/wp-json\/wp\/v2\/pages\/700?wpv_view_count=291\" data-page=\"1\" data-ajax=\"enable\" data-effect=\"fade\" data-maxpages=\"1\" data-ajaxprebefore=\"\" data-ajaxbefore=\"\" data-ajaxafter=\"\" \/><input class=\"wpv_view_count wpv_view_count-291\" type=\"hidden\" name=\"wpv_view_count\" value=\"291\" \/>\n\n<\/form>\n\n<div id=\"wpv-view-layout-291\" class=\"js-wpv-view-layout js-wpv-layout-responsive js-wpv-view-layout-291\" data-viewnumber=\"291\" data-pagination=\"{&quot;id&quot;:291,&quot;query&quot;:&quot;normal&quot;,&quot;type&quot;:&quot;paged&quot;,&quot;effect&quot;:&quot;fade&quot;,&quot;duration&quot;:500,&quot;speed&quot;:5,&quot;pause_on_hover&quot;:&quot;disabled&quot;,&quot;stop_rollover&quot;:&quot;false&quot;,&quot;cache_pages&quot;:&quot;enabled&quot;,&quot;preload_images&quot;:&quot;enabled&quot;,&quot;preload_pages&quot;:&quot;enabled&quot;,&quot;preload_reach&quot;:1,&quot;spinner&quot;:&quot;builtin&quot;,&quot;spinner_image&quot;:&quot;https:\/\/thairent.se\/wp-content\/plugins\/toolset-blocks\/embedded\/res\/img\/ajax-loader2.svg&quot;,&quot;callback_next&quot;:&quot;&quot;,&quot;manage_history&quot;:&quot;enabled&quot;,&quot;has_controls_in_form&quot;:&quot;disabled&quot;,&quot;infinite_tolerance&quot;:0,&quot;max_pages&quot;:1,&quot;page&quot;:1,&quot;base_permalink&quot;:&quot;\/en\/wp-json\/wp\/v2\/pages\/700?wpv_view_count=291&amp;wpv_paged=WPV_PAGE_NUM&quot;,&quot;loop&quot;:{&quot;type&quot;:&quot;&quot;,&quot;name&quot;:&quot;&quot;,&quot;data&quot;:[],&quot;id&quot;:0}}\" data-permalink=\"\/en\/wp-json\/wp\/v2\/pages\/700?wpv_view_count=291\">\n\n\t\n\t\n\t<div class=\"container wpv-loop js-wpv-loop\">\n\t\n\t\t\n\t\t<div class=\"row objects\">\n\t\t\t<div class=\"col-sm-4\"><a href=\"https:\/\/thairent.se\/en\/objekt\/safir-village-apartment-1\/\"><img decoding=\"async\" src=\"https:\/\/thairent.se\/wp-content\/uploads\/2020\/10\/safir-villiage-apartment1-1-wpcf_800x500.jpg\" title=\"safir-villiage-apartment1-1\" class=\"attachment-custom\" \/><\/a>\n<br\/><br\/>\n<h4><a href=\"https:\/\/thairent.se\/en\/objekt\/safir-village-apartment-1\/\">Safir Village apartment 1<\/a><\/h4>\n\n<\/div>\n\t\t\n\t\t\n\t\t\t<div class=\"col-sm-4\"><a href=\"https:\/\/thairent.se\/en\/objekt\/safir-village-apartment-2\/\"><img decoding=\"async\" src=\"https:\/\/thairent.se\/wp-content\/uploads\/2021\/03\/safir-apartment2-entre-wpcf_800x500.jpg\" title=\"safir-apartment2-entre\" class=\"attachment-custom\" \/><\/a>\n<br\/><br\/>\n<h4><a href=\"https:\/\/thairent.se\/en\/objekt\/safir-village-apartment-2\/\">Safir Village apartment 2<\/a><\/h4>\n\n<\/div>\n\t\t\n\t\t\n\t\t\t<div class=\"col-sm-4\"><a href=\"https:\/\/thairent.se\/en\/objekt\/safir-village-apartment-3\/\"><img decoding=\"async\" src=\"https:\/\/thairent.se\/wp-content\/uploads\/2023\/12\/Utsikt-mot-poolen-wpcf_800x500.jpeg\" title=\"Utsikt mot poolen\" class=\"attachment-custom\" \/><\/a>\n<br\/><br\/>\n<h4><a href=\"https:\/\/thairent.se\/en\/objekt\/safir-village-apartment-3\/\">Safir Village apartment 3<\/a><\/h4>\n\n<\/div>\n\t\t<\/div>\n\t\t\n\t\t\n\t\t<div class=\"row objects\">\n\t\t\t<div class=\"col-sm-4\"><a href=\"https:\/\/thairent.se\/en\/objekt\/safir-village-apartment-4\/\"><img decoding=\"async\" src=\"https:\/\/thairent.se\/wp-content\/uploads\/2021\/03\/safir-apartment4-rum-wpcf_800x500.jpg\" title=\"safir-apartment4-rum\" class=\"attachment-custom\" \/><\/a>\n<br\/><br\/>\n<h4><a href=\"https:\/\/thairent.se\/en\/objekt\/safir-village-apartment-4\/\">Safir Village apartment 4<\/a><\/h4>\n\n<\/div>\n\t\t\n\t\t\n\t\t\t<div class=\"col-sm-4\"><a href=\"https:\/\/thairent.se\/en\/objekt\/safir-village-apartment-5\/\"><img decoding=\"async\" src=\"https:\/\/thairent.se\/wp-content\/uploads\/2021\/03\/safir-apartment5-1-wpcf_800x500.jpg\" title=\"safir-apartment5-1\" class=\"attachment-custom\" \/><\/a>\n<br\/><br\/>\n<h4><a href=\"https:\/\/thairent.se\/en\/objekt\/safir-village-apartment-5\/\">Safir Village apartment 5<\/a><\/h4>\n\n<\/div>\n\t\t\n\t\t\n\t\t\t<div class=\"col-sm-4\"><a href=\"https:\/\/thairent.se\/en\/objekt\/safir-village-apartment-6\/\"><img decoding=\"async\" src=\"https:\/\/thairent.se\/wp-content\/uploads\/2021\/03\/safir-apartment6-1-wpcf_800x500.jpg\" title=\"safir-apartment6-1\" class=\"attachment-custom\" \/><\/a>\n<br\/><br\/>\n<h4><a href=\"https:\/\/thairent.se\/en\/objekt\/safir-village-apartment-6\/\">Safir Village apartment 6<\/a><\/h4>\n\n<\/div>\n\t\t<\/div>\n\t\t\n\t<\/div>\n\t\n\t\n\t\n<\/div>\n\n<div class=\"su-button-center\"><a href=\"\/boka\" class=\"su-button su-button-style-soft\" style=\"color:#FFFFFF;background-color:#298fba;border-color:#217395;border-radius:4px\" target=\"_self\"><span style=\"color:#FFFFFF;padding:8px 26px;font-size:20px;line-height:30px;border-color:#6ab1cf;border-radius:4px;text-shadow:none\"><i class=\"sui sui-home\" style=\"font-size:20px;color:#FFFFFF\"><\/i> BOKA BOENDE<\/span><\/a><\/div>\n<\/p><\/div>\n<\/div>\n<\/div>\n","protected":false},"excerpt":{"rendered":"<p>Safir Village \u00e4r ett bostadsomr\u00e5de med hus och l\u00e4genheter av h\u00f6g standard i syd\u00f6stra Thailand. Visa hus i Safir Village &gt;&gt;<\/p>\n","protected":false},"author":1,"featured_media":0,"parent":698,"menu_order":0,"comment_status":"closed","ping_status":"closed","template":"","meta":{"footnotes":""},"class_list":{"0":"post-700","1":"page","2":"type-page","3":"status-publish","5":"infinite-scroll-item"},"_links":{"self":[{"href":"https:\/\/thairent.se\/en\/wp-json\/wp\/v2\/pages\/700","targetHints":{"allow":["GET"]}}],"collection":[{"href":"https:\/\/thairent.se\/en\/wp-json\/wp\/v2\/pages"}],"about":[{"href":"https:\/\/thairent.se\/en\/wp-json\/wp\/v2\/types\/page"}],"author":[{"embeddable":true,"href":"https:\/\/thairent.se\/en\/wp-json\/wp\/v2\/users\/1"}],"replies":[{"embeddable":true,"href":"https:\/\/thairent.se\/en\/wp-json\/wp\/v2\/comments?post=700"}],"version-history":[{"count":3,"href":"https:\/\/thairent.se\/en\/wp-json\/wp\/v2\/pages\/700\/revisions"}],"predecessor-version":[{"id":1819,"href":"https:\/\/thairent.se\/en\/wp-json\/wp\/v2\/pages\/700\/revisions\/1819"}],"up":[{"embeddable":true,"href":"https:\/\/thairent.se\/en\/wp-json\/wp\/v2\/pages\/698"}],"wp:attachment":[{"href":"https:\/\/thairent.se\/en\/wp-json\/wp\/v2\/media?parent=700"}],"curies":[{"name":"wp","href":"https:\/\/api.w.org\/{rel}","templated":true}]}}